{"id":7934,"date":"2025-06-24T09:22:42","date_gmt":"2025-06-24T09:22:42","guid":{"rendered":"https:\/\/camping-hvar.com\/island-hvar\/"},"modified":"2025-06-27T09:09:26","modified_gmt":"2025-06-27T09:09:26","slug":"insel-hvar","status":"publish","type":"page","link":"https:\/\/camping-hvar.com\/de\/insel-hvar\/","title":{"rendered":"Insel Hvar"},"content":{"rendered":"","protected":false},"excerpt":{"rendered":"","protected":false},"author":1,"featured_media":0,"parent":0,"menu_order":0,"comment_status":"closed","ping_status":"closed","template":"","meta":{"footnotes":""},"class_list":["post-7934","page","type-page","status-publish","hentry"],"yoast_head":"<!-- This site is optimized with the Yoast SEO plugin v27.3 - https:\/\/yoast.com\/product\/yoast-seo-wordpress\/ -->\n<title>Insel Hvar - Camping Hvar<\/title>\n<meta name=\"description\" content=\"Gegliederte K\u00fcste, unber\u00fchrte Natur, kristallklares Meer, wundersch\u00f6ne Buchten und Str\u00e4nde, Lavendelduft, Oliven und Wein, Geschichte und Kultur, sind nur ein Teil davon, weswegen Hvar von der Zeitschrift \u201cTraveller\u201d 1997 zu einer der sch\u00f6nsten 10 Inseln in der Welt erkl\u00e4rt wurde.\" \/>\n<meta name=\"robots\" content=\"index, follow, max-snippet:-1, max-image-preview:large, max-video-preview:-1\" \/>\n<link rel=\"canonical\" href=\"https:\/\/camping-hvar.com\/de\/insel-hvar\/\" \/>\n<meta property=\"og:locale\" content=\"de_DE\" \/>\n<meta property=\"og:type\" content=\"article\" \/>\n<meta property=\"og:title\" content=\"Insel Hvar - Camping Hvar\" \/>\n<meta property=\"og:description\" content=\"Gegliederte K\u00fcste, unber\u00fchrte Natur, kristallklares Meer, wundersch\u00f6ne Buchten und Str\u00e4nde, Lavendelduft, Oliven und Wein, Geschichte und Kultur, sind nur ein Teil davon, weswegen Hvar von der Zeitschrift \u201cTraveller\u201d 1997 zu einer der sch\u00f6nsten 10 Inseln in der Welt erkl\u00e4rt wurde.\" \/>\n<meta property=\"og:url\" content=\"https:\/\/camping-hvar.com\/de\/insel-hvar\/\" \/>\n<meta property=\"og:site_name\" content=\"Camping Hvar\" \/>\n<meta property=\"article:modified_time\" content=\"2025-06-27T09:09:26+00:00\" \/>\n<meta name=\"twitter:card\" content=\"summary_large_image\" \/>\n<meta name=\"twitter:label1\" content=\"Gesch\u00e4tzte Lesezeit\" \/>\n\t<meta name=\"twitter:data1\" content=\"1\u00a0Minute\" \/>\n<script type=\"application\/ld+json\" class=\"yoast-schema-graph\">{\"@context\":\"https:\\\/\\\/schema.org\",\"@graph\":[{\"@type\":\"WebPage\",\"@id\":\"https:\\\/\\\/camping-hvar.com\\\/de\\\/insel-hvar\\\/\",\"url\":\"https:\\\/\\\/camping-hvar.com\\\/de\\\/insel-hvar\\\/\",\"name\":\"Insel Hvar - Camping Hvar\",\"isPartOf\":{\"@id\":\"https:\\\/\\\/camping-hvar.com\\\/#website\"},\"datePublished\":\"2025-06-24T09:22:42+00:00\",\"dateModified\":\"2025-06-27T09:09:26+00:00\",\"description\":\"Gegliederte K\u00fcste, unber\u00fchrte Natur, kristallklares Meer, wundersch\u00f6ne Buchten und Str\u00e4nde, Lavendelduft, Oliven und Wein, Geschichte und Kultur, sind nur ein Teil davon, weswegen Hvar von der Zeitschrift \u201cTraveller\u201d 1997 zu einer der sch\u00f6nsten 10 Inseln in der Welt erkl\u00e4rt wurde.\",\"breadcrumb\":{\"@id\":\"https:\\\/\\\/camping-hvar.com\\\/de\\\/insel-hvar\\\/#breadcrumb\"},\"inLanguage\":\"de\",\"potentialAction\":[{\"@type\":\"ReadAction\",\"target\":[\"https:\\\/\\\/camping-hvar.com\\\/de\\\/insel-hvar\\\/\"]}]},{\"@type\":\"BreadcrumbList\",\"@id\":\"https:\\\/\\\/camping-hvar.com\\\/de\\\/insel-hvar\\\/#breadcrumb\",\"itemListElement\":[{\"@type\":\"ListItem\",\"position\":1,\"name\":\"Home\",\"item\":\"https:\\\/\\\/camping-hvar.com\\\/de\\\/\"},{\"@type\":\"ListItem\",\"position\":2,\"name\":\"Insel Hvar\"}]},{\"@type\":\"WebSite\",\"@id\":\"https:\\\/\\\/camping-hvar.com\\\/#website\",\"url\":\"https:\\\/\\\/camping-hvar.com\\\/\",\"name\":\"Camping Hvar\",\"description\":\"\",\"publisher\":{\"@id\":\"https:\\\/\\\/camping-hvar.com\\\/#organization\"},\"potentialAction\":[{\"@type\":\"SearchAction\",\"target\":{\"@type\":\"EntryPoint\",\"urlTemplate\":\"https:\\\/\\\/camping-hvar.com\\\/?s={search_term_string}\"},\"query-input\":{\"@type\":\"PropertyValueSpecification\",\"valueRequired\":true,\"valueName\":\"search_term_string\"}}],\"inLanguage\":\"de\"},{\"@type\":\"Organization\",\"@id\":\"https:\\\/\\\/camping-hvar.com\\\/#organization\",\"name\":\"Camping Hvar\",\"url\":\"https:\\\/\\\/camping-hvar.com\\\/\",\"logo\":{\"@type\":\"ImageObject\",\"inLanguage\":\"de\",\"@id\":\"https:\\\/\\\/camping-hvar.com\\\/#\\\/schema\\\/logo\\\/image\\\/\",\"url\":\"https:\\\/\\\/camping-hvar.com\\\/wp-content\\\/uploads\\\/2025\\\/06\\\/noimg.jpg\",\"contentUrl\":\"https:\\\/\\\/camping-hvar.com\\\/wp-content\\\/uploads\\\/2025\\\/06\\\/noimg.jpg\",\"width\":1200,\"height\":675,\"caption\":\"Camping Hvar\"},\"image\":{\"@id\":\"https:\\\/\\\/camping-hvar.com\\\/#\\\/schema\\\/logo\\\/image\\\/\"}}]}<\/script>\n<!-- \/ Yoast SEO plugin. -->","yoast_head_json":{"title":"Insel Hvar - Camping Hvar","description":"Gegliederte K\u00fcste, unber\u00fchrte Natur, kristallklares Meer, wundersch\u00f6ne Buchten und Str\u00e4nde, Lavendelduft, Oliven und Wein, Geschichte und Kultur, sind nur ein Teil davon, weswegen Hvar von der Zeitschrift \u201cTraveller\u201d 1997 zu einer der sch\u00f6nsten 10 Inseln in der Welt erkl\u00e4rt wurde.","robots":{"index":"index","follow":"follow","max-snippet":"max-snippet:-1","max-image-preview":"max-image-preview:large","max-video-preview":"max-video-preview:-1"},"canonical":"https:\/\/camping-hvar.com\/de\/insel-hvar\/","og_locale":"de_DE","og_type":"article","og_title":"Insel Hvar - Camping Hvar","og_description":"Gegliederte K\u00fcste, unber\u00fchrte Natur, kristallklares Meer, wundersch\u00f6ne Buchten und Str\u00e4nde, Lavendelduft, Oliven und Wein, Geschichte und Kultur, sind nur ein Teil davon, weswegen Hvar von der Zeitschrift \u201cTraveller\u201d 1997 zu einer der sch\u00f6nsten 10 Inseln in der Welt erkl\u00e4rt wurde.","og_url":"https:\/\/camping-hvar.com\/de\/insel-hvar\/","og_site_name":"Camping Hvar","article_modified_time":"2025-06-27T09:09:26+00:00","twitter_card":"summary_large_image","twitter_misc":{"Gesch\u00e4tzte Lesezeit":"1\u00a0Minute"},"schema":{"@context":"https:\/\/schema.org","@graph":[{"@type":"WebPage","@id":"https:\/\/camping-hvar.com\/de\/insel-hvar\/","url":"https:\/\/camping-hvar.com\/de\/insel-hvar\/","name":"Insel Hvar - Camping Hvar","isPartOf":{"@id":"https:\/\/camping-hvar.com\/#website"},"datePublished":"2025-06-24T09:22:42+00:00","dateModified":"2025-06-27T09:09:26+00:00","description":"Gegliederte K\u00fcste, unber\u00fchrte Natur, kristallklares Meer, wundersch\u00f6ne Buchten und Str\u00e4nde, Lavendelduft, Oliven und Wein, Geschichte und Kultur, sind nur ein Teil davon, weswegen Hvar von der Zeitschrift \u201cTraveller\u201d 1997 zu einer der sch\u00f6nsten 10 Inseln in der Welt erkl\u00e4rt wurde.","breadcrumb":{"@id":"https:\/\/camping-hvar.com\/de\/insel-hvar\/#breadcrumb"},"inLanguage":"de","potentialAction":[{"@type":"ReadAction","target":["https:\/\/camping-hvar.com\/de\/insel-hvar\/"]}]},{"@type":"BreadcrumbList","@id":"https:\/\/camping-hvar.com\/de\/insel-hvar\/#breadcrumb","itemListElement":[{"@type":"ListItem","position":1,"name":"Home","item":"https:\/\/camping-hvar.com\/de\/"},{"@type":"ListItem","position":2,"name":"Insel Hvar"}]},{"@type":"WebSite","@id":"https:\/\/camping-hvar.com\/#website","url":"https:\/\/camping-hvar.com\/","name":"Camping Hvar","description":"","publisher":{"@id":"https:\/\/camping-hvar.com\/#organization"},"potentialAction":[{"@type":"SearchAction","target":{"@type":"EntryPoint","urlTemplate":"https:\/\/camping-hvar.com\/?s={search_term_string}"},"query-input":{"@type":"PropertyValueSpecification","valueRequired":true,"valueName":"search_term_string"}}],"inLanguage":"de"},{"@type":"Organization","@id":"https:\/\/camping-hvar.com\/#organization","name":"Camping Hvar","url":"https:\/\/camping-hvar.com\/","logo":{"@type":"ImageObject","inLanguage":"de","@id":"https:\/\/camping-hvar.com\/#\/schema\/logo\/image\/","url":"https:\/\/camping-hvar.com\/wp-content\/uploads\/2025\/06\/noimg.jpg","contentUrl":"https:\/\/camping-hvar.com\/wp-content\/uploads\/2025\/06\/noimg.jpg","width":1200,"height":675,"caption":"Camping Hvar"},"image":{"@id":"https:\/\/camping-hvar.com\/#\/schema\/logo\/image\/"}}]}},"_links":{"self":[{"href":"https:\/\/camping-hvar.com\/de\/wp-json\/wp\/v2\/pages\/7934","targetHints":{"allow":["GET"]}}],"collection":[{"href":"https:\/\/camping-hvar.com\/de\/wp-json\/wp\/v2\/pages"}],"about":[{"href":"https:\/\/camping-hvar.com\/de\/wp-json\/wp\/v2\/types\/page"}],"author":[{"embeddable":true,"href":"https:\/\/camping-hvar.com\/de\/wp-json\/wp\/v2\/users\/1"}],"replies":[{"embeddable":true,"href":"https:\/\/camping-hvar.com\/de\/wp-json\/wp\/v2\/comments?post=7934"}],"version-history":[{"count":3,"href":"https:\/\/camping-hvar.com\/de\/wp-json\/wp\/v2\/pages\/7934\/revisions"}],"predecessor-version":[{"id":8152,"href":"https:\/\/camping-hvar.com\/de\/wp-json\/wp\/v2\/pages\/7934\/revisions\/8152"}],"wp:attachment":[{"href":"https:\/\/camping-hvar.com\/de\/wp-json\/wp\/v2\/media?parent=7934"}],"curies":[{"name":"wp","href":"https:\/\/api.w.org\/{rel}","templated":true}]}}