{"id":7976,"date":"2024-05-10T09:27:34","date_gmt":"2024-05-10T09:27:34","guid":{"rendered":"https:\/\/camping-hvar.com\/camp-mina\/"},"modified":"2026-02-16T12:47:38","modified_gmt":"2026-02-16T12:47:38","slug":"camp-mina","status":"publish","type":"page","link":"https:\/\/camping-hvar.com\/de\/camp-mina\/","title":{"rendered":"Camp Mina"},"content":{"rendered":"","protected":false},"excerpt":{"rendered":"","protected":false},"author":1,"featured_media":0,"parent":0,"menu_order":0,"comment_status":"closed","ping_status":"closed","template":"","meta":{"footnotes":""},"class_list":["post-7976","page","type-page","status-publish","hentry"],"yoast_head":"<!-- This site is optimized with the Yoast SEO plugin v27.3 - https:\/\/yoast.com\/product\/yoast-seo-wordpress\/ -->\n<title>Camp Mina - Camping Hvar<\/title>\n<meta name=\"description\" content=\"Das Camp \u201eMina\u201c ist ca. 500 m vom Zentrum von Jelsa entfernt, und liegt nur 20 Meter vom Meer. Das Camp ist gr\u00f6\u00dften Teils mit Kiefern bewachsen und wird von Fels-, Kies- und Sandstr\u00e4nde umgeben, von denen viele f\u00fcr Kinder geeignet sind.\" \/>\n<meta name=\"robots\" content=\"index, follow, max-snippet:-1, max-image-preview:large, max-video-preview:-1\" \/>\n<link rel=\"canonical\" href=\"https:\/\/camping-hvar.com\/de\/camp-mina\/\" \/>\n<meta property=\"og:locale\" content=\"de_DE\" \/>\n<meta property=\"og:type\" content=\"article\" \/>\n<meta property=\"og:title\" content=\"Camp Mina - Camping Hvar\" \/>\n<meta property=\"og:description\" content=\"Das Camp \u201eMina\u201c ist ca. 500 m vom Zentrum von Jelsa entfernt, und liegt nur 20 Meter vom Meer. Das Camp ist gr\u00f6\u00dften Teils mit Kiefern bewachsen und wird von Fels-, Kies- und Sandstr\u00e4nde umgeben, von denen viele f\u00fcr Kinder geeignet sind.\" \/>\n<meta property=\"og:url\" content=\"https:\/\/camping-hvar.com\/de\/camp-mina\/\" \/>\n<meta property=\"og:site_name\" content=\"Camping Hvar\" \/>\n<meta property=\"article:modified_time\" content=\"2026-02-16T12:47:38+00:00\" \/>\n<meta name=\"twitter:card\" content=\"summary_large_image\" \/>\n<meta name=\"twitter:label1\" content=\"Gesch\u00e4tzte Lesezeit\" \/>\n\t<meta name=\"twitter:data1\" content=\"6\u00a0Minuten\" \/>\n<script type=\"application\/ld+json\" class=\"yoast-schema-graph\">{\"@context\":\"https:\\\/\\\/schema.org\",\"@graph\":[{\"@type\":\"WebPage\",\"@id\":\"https:\\\/\\\/camping-hvar.com\\\/de\\\/camp-mina\\\/\",\"url\":\"https:\\\/\\\/camping-hvar.com\\\/de\\\/camp-mina\\\/\",\"name\":\"Camp Mina - Camping Hvar\",\"isPartOf\":{\"@id\":\"https:\\\/\\\/camping-hvar.com\\\/#website\"},\"datePublished\":\"2024-05-10T09:27:34+00:00\",\"dateModified\":\"2026-02-16T12:47:38+00:00\",\"description\":\"Das Camp \u201eMina\u201c ist ca. 500 m vom Zentrum von Jelsa entfernt, und liegt nur 20 Meter vom Meer. Das Camp ist gr\u00f6\u00dften Teils mit Kiefern bewachsen und wird von Fels-, Kies- und Sandstr\u00e4nde umgeben, von denen viele f\u00fcr Kinder geeignet sind.\",\"breadcrumb\":{\"@id\":\"https:\\\/\\\/camping-hvar.com\\\/de\\\/camp-mina\\\/#breadcrumb\"},\"inLanguage\":\"de\",\"potentialAction\":[{\"@type\":\"ReadAction\",\"target\":[\"https:\\\/\\\/camping-hvar.com\\\/de\\\/camp-mina\\\/\"]}]},{\"@type\":\"BreadcrumbList\",\"@id\":\"https:\\\/\\\/camping-hvar.com\\\/de\\\/camp-mina\\\/#breadcrumb\",\"itemListElement\":[{\"@type\":\"ListItem\",\"position\":1,\"name\":\"Home\",\"item\":\"https:\\\/\\\/camping-hvar.com\\\/de\\\/\"},{\"@type\":\"ListItem\",\"position\":2,\"name\":\"Camp Mina\"}]},{\"@type\":\"WebSite\",\"@id\":\"https:\\\/\\\/camping-hvar.com\\\/#website\",\"url\":\"https:\\\/\\\/camping-hvar.com\\\/\",\"name\":\"Camping Hvar\",\"description\":\"\",\"publisher\":{\"@id\":\"https:\\\/\\\/camping-hvar.com\\\/#organization\"},\"potentialAction\":[{\"@type\":\"SearchAction\",\"target\":{\"@type\":\"EntryPoint\",\"urlTemplate\":\"https:\\\/\\\/camping-hvar.com\\\/?s={search_term_string}\"},\"query-input\":{\"@type\":\"PropertyValueSpecification\",\"valueRequired\":true,\"valueName\":\"search_term_string\"}}],\"inLanguage\":\"de\"},{\"@type\":\"Organization\",\"@id\":\"https:\\\/\\\/camping-hvar.com\\\/#organization\",\"name\":\"Camping Hvar\",\"url\":\"https:\\\/\\\/camping-hvar.com\\\/\",\"logo\":{\"@type\":\"ImageObject\",\"inLanguage\":\"de\",\"@id\":\"https:\\\/\\\/camping-hvar.com\\\/#\\\/schema\\\/logo\\\/image\\\/\",\"url\":\"https:\\\/\\\/camping-hvar.com\\\/wp-content\\\/uploads\\\/2025\\\/06\\\/noimg.jpg\",\"contentUrl\":\"https:\\\/\\\/camping-hvar.com\\\/wp-content\\\/uploads\\\/2025\\\/06\\\/noimg.jpg\",\"width\":1200,\"height\":675,\"caption\":\"Camping Hvar\"},\"image\":{\"@id\":\"https:\\\/\\\/camping-hvar.com\\\/#\\\/schema\\\/logo\\\/image\\\/\"}}]}<\/script>\n<!-- \/ Yoast SEO plugin. -->","yoast_head_json":{"title":"Camp Mina - Camping Hvar","description":"Das Camp \u201eMina\u201c ist ca. 500 m vom Zentrum von Jelsa entfernt, und liegt nur 20 Meter vom Meer. Das Camp ist gr\u00f6\u00dften Teils mit Kiefern bewachsen und wird von Fels-, Kies- und Sandstr\u00e4nde umgeben, von denen viele f\u00fcr Kinder geeignet sind.","robots":{"index":"index","follow":"follow","max-snippet":"max-snippet:-1","max-image-preview":"max-image-preview:large","max-video-preview":"max-video-preview:-1"},"canonical":"https:\/\/camping-hvar.com\/de\/camp-mina\/","og_locale":"de_DE","og_type":"article","og_title":"Camp Mina - Camping Hvar","og_description":"Das Camp \u201eMina\u201c ist ca. 500 m vom Zentrum von Jelsa entfernt, und liegt nur 20 Meter vom Meer. Das Camp ist gr\u00f6\u00dften Teils mit Kiefern bewachsen und wird von Fels-, Kies- und Sandstr\u00e4nde umgeben, von denen viele f\u00fcr Kinder geeignet sind.","og_url":"https:\/\/camping-hvar.com\/de\/camp-mina\/","og_site_name":"Camping Hvar","article_modified_time":"2026-02-16T12:47:38+00:00","twitter_card":"summary_large_image","twitter_misc":{"Gesch\u00e4tzte Lesezeit":"6\u00a0Minuten"},"schema":{"@context":"https:\/\/schema.org","@graph":[{"@type":"WebPage","@id":"https:\/\/camping-hvar.com\/de\/camp-mina\/","url":"https:\/\/camping-hvar.com\/de\/camp-mina\/","name":"Camp Mina - Camping Hvar","isPartOf":{"@id":"https:\/\/camping-hvar.com\/#website"},"datePublished":"2024-05-10T09:27:34+00:00","dateModified":"2026-02-16T12:47:38+00:00","description":"Das Camp \u201eMina\u201c ist ca. 500 m vom Zentrum von Jelsa entfernt, und liegt nur 20 Meter vom Meer. Das Camp ist gr\u00f6\u00dften Teils mit Kiefern bewachsen und wird von Fels-, Kies- und Sandstr\u00e4nde umgeben, von denen viele f\u00fcr Kinder geeignet sind.","breadcrumb":{"@id":"https:\/\/camping-hvar.com\/de\/camp-mina\/#breadcrumb"},"inLanguage":"de","potentialAction":[{"@type":"ReadAction","target":["https:\/\/camping-hvar.com\/de\/camp-mina\/"]}]},{"@type":"BreadcrumbList","@id":"https:\/\/camping-hvar.com\/de\/camp-mina\/#breadcrumb","itemListElement":[{"@type":"ListItem","position":1,"name":"Home","item":"https:\/\/camping-hvar.com\/de\/"},{"@type":"ListItem","position":2,"name":"Camp Mina"}]},{"@type":"WebSite","@id":"https:\/\/camping-hvar.com\/#website","url":"https:\/\/camping-hvar.com\/","name":"Camping Hvar","description":"","publisher":{"@id":"https:\/\/camping-hvar.com\/#organization"},"potentialAction":[{"@type":"SearchAction","target":{"@type":"EntryPoint","urlTemplate":"https:\/\/camping-hvar.com\/?s={search_term_string}"},"query-input":{"@type":"PropertyValueSpecification","valueRequired":true,"valueName":"search_term_string"}}],"inLanguage":"de"},{"@type":"Organization","@id":"https:\/\/camping-hvar.com\/#organization","name":"Camping Hvar","url":"https:\/\/camping-hvar.com\/","logo":{"@type":"ImageObject","inLanguage":"de","@id":"https:\/\/camping-hvar.com\/#\/schema\/logo\/image\/","url":"https:\/\/camping-hvar.com\/wp-content\/uploads\/2025\/06\/noimg.jpg","contentUrl":"https:\/\/camping-hvar.com\/wp-content\/uploads\/2025\/06\/noimg.jpg","width":1200,"height":675,"caption":"Camping Hvar"},"image":{"@id":"https:\/\/camping-hvar.com\/#\/schema\/logo\/image\/"}}]}},"_links":{"self":[{"href":"https:\/\/camping-hvar.com\/de\/wp-json\/wp\/v2\/pages\/7976","targetHints":{"allow":["GET"]}}],"collection":[{"href":"https:\/\/camping-hvar.com\/de\/wp-json\/wp\/v2\/pages"}],"about":[{"href":"https:\/\/camping-hvar.com\/de\/wp-json\/wp\/v2\/types\/page"}],"author":[{"embeddable":true,"href":"https:\/\/camping-hvar.com\/de\/wp-json\/wp\/v2\/users\/1"}],"replies":[{"embeddable":true,"href":"https:\/\/camping-hvar.com\/de\/wp-json\/wp\/v2\/comments?post=7976"}],"version-history":[{"count":5,"href":"https:\/\/camping-hvar.com\/de\/wp-json\/wp\/v2\/pages\/7976\/revisions"}],"predecessor-version":[{"id":8266,"href":"https:\/\/camping-hvar.com\/de\/wp-json\/wp\/v2\/pages\/7976\/revisions\/8266"}],"wp:attachment":[{"href":"https:\/\/camping-hvar.com\/de\/wp-json\/wp\/v2\/media?parent=7976"}],"curies":[{"name":"wp","href":"https:\/\/api.w.org\/{rel}","templated":true}]}}