{"id":8035,"date":"2019-05-10T03:10:28","date_gmt":"2019-05-10T03:10:28","guid":{"rendered":"https:\/\/camping-hvar.com\/excursions\/"},"modified":"2025-06-27T09:03:33","modified_gmt":"2025-06-27T09:03:33","slug":"ausfluge","status":"publish","type":"page","link":"https:\/\/camping-hvar.com\/de\/ausfluge\/","title":{"rendered":"Ausfl\u00fcge"},"content":{"rendered":"","protected":false},"excerpt":{"rendered":"","protected":false},"author":1,"featured_media":0,"parent":0,"menu_order":0,"comment_status":"closed","ping_status":"closed","template":"","meta":{"footnotes":""},"class_list":["post-8035","page","type-page","status-publish","hentry"],"yoast_head":"<!-- This site is optimized with the Yoast SEO plugin v27.3 - https:\/\/yoast.com\/product\/yoast-seo-wordpress\/ -->\n<title>Ausfl\u00fcge - Camping Hvar<\/title>\n<meta name=\"description\" content=\"Die Insel Hvar bietet sehr viel Sehenswertes. Denjenigen, die sich nach Meer und Ruhe sehnen, stehen unz\u00e4hlige Buchten, die mit dem Auto, Fahrrad oder zu Fu\u00df erreicht werden k\u00f6nnen. Auf die gleiche Weise k\u00f6nnen auch Lavendelfelder, Olivenhaine und Wiesen mit f\u00fcr die Insel charakteristischen Pflanzen besichtigt werden.\" \/>\n<meta name=\"robots\" content=\"index, follow, max-snippet:-1, max-image-preview:large, max-video-preview:-1\" \/>\n<link rel=\"canonical\" href=\"https:\/\/camping-hvar.com\/de\/ausfluge\/\" \/>\n<meta property=\"og:locale\" content=\"de_DE\" \/>\n<meta property=\"og:type\" content=\"article\" \/>\n<meta property=\"og:title\" content=\"Ausfl\u00fcge - Camping Hvar\" \/>\n<meta property=\"og:description\" content=\"Die Insel Hvar bietet sehr viel Sehenswertes. Denjenigen, die sich nach Meer und Ruhe sehnen, stehen unz\u00e4hlige Buchten, die mit dem Auto, Fahrrad oder zu Fu\u00df erreicht werden k\u00f6nnen. Auf die gleiche Weise k\u00f6nnen auch Lavendelfelder, Olivenhaine und Wiesen mit f\u00fcr die Insel charakteristischen Pflanzen besichtigt werden.\" \/>\n<meta property=\"og:url\" content=\"https:\/\/camping-hvar.com\/de\/ausfluge\/\" \/>\n<meta property=\"og:site_name\" content=\"Camping Hvar\" \/>\n<meta property=\"article:modified_time\" content=\"2025-06-27T09:03:33+00:00\" \/>\n<meta name=\"twitter:card\" content=\"summary_large_image\" \/>\n<meta name=\"twitter:label1\" content=\"Gesch\u00e4tzte Lesezeit\" \/>\n\t<meta name=\"twitter:data1\" content=\"5\u00a0Minuten\" \/>\n<script type=\"application\/ld+json\" class=\"yoast-schema-graph\">{\"@context\":\"https:\\\/\\\/schema.org\",\"@graph\":[{\"@type\":\"WebPage\",\"@id\":\"https:\\\/\\\/camping-hvar.com\\\/de\\\/ausfluge\\\/\",\"url\":\"https:\\\/\\\/camping-hvar.com\\\/de\\\/ausfluge\\\/\",\"name\":\"Ausfl\u00fcge - Camping Hvar\",\"isPartOf\":{\"@id\":\"https:\\\/\\\/camping-hvar.com\\\/#website\"},\"datePublished\":\"2019-05-10T03:10:28+00:00\",\"dateModified\":\"2025-06-27T09:03:33+00:00\",\"description\":\"Die Insel Hvar bietet sehr viel Sehenswertes. Denjenigen, die sich nach Meer und Ruhe sehnen, stehen unz\u00e4hlige Buchten, die mit dem Auto, Fahrrad oder zu Fu\u00df erreicht werden k\u00f6nnen. Auf die gleiche Weise k\u00f6nnen auch Lavendelfelder, Olivenhaine und Wiesen mit f\u00fcr die Insel charakteristischen Pflanzen besichtigt werden.\",\"breadcrumb\":{\"@id\":\"https:\\\/\\\/camping-hvar.com\\\/de\\\/ausfluge\\\/#breadcrumb\"},\"inLanguage\":\"de\",\"potentialAction\":[{\"@type\":\"ReadAction\",\"target\":[\"https:\\\/\\\/camping-hvar.com\\\/de\\\/ausfluge\\\/\"]}]},{\"@type\":\"BreadcrumbList\",\"@id\":\"https:\\\/\\\/camping-hvar.com\\\/de\\\/ausfluge\\\/#breadcrumb\",\"itemListElement\":[{\"@type\":\"ListItem\",\"position\":1,\"name\":\"Home\",\"item\":\"https:\\\/\\\/camping-hvar.com\\\/de\\\/\"},{\"@type\":\"ListItem\",\"position\":2,\"name\":\"Ausfl\u00fcge\"}]},{\"@type\":\"WebSite\",\"@id\":\"https:\\\/\\\/camping-hvar.com\\\/#website\",\"url\":\"https:\\\/\\\/camping-hvar.com\\\/\",\"name\":\"Camping Hvar\",\"description\":\"\",\"publisher\":{\"@id\":\"https:\\\/\\\/camping-hvar.com\\\/#organization\"},\"potentialAction\":[{\"@type\":\"SearchAction\",\"target\":{\"@type\":\"EntryPoint\",\"urlTemplate\":\"https:\\\/\\\/camping-hvar.com\\\/?s={search_term_string}\"},\"query-input\":{\"@type\":\"PropertyValueSpecification\",\"valueRequired\":true,\"valueName\":\"search_term_string\"}}],\"inLanguage\":\"de\"},{\"@type\":\"Organization\",\"@id\":\"https:\\\/\\\/camping-hvar.com\\\/#organization\",\"name\":\"Camping Hvar\",\"url\":\"https:\\\/\\\/camping-hvar.com\\\/\",\"logo\":{\"@type\":\"ImageObject\",\"inLanguage\":\"de\",\"@id\":\"https:\\\/\\\/camping-hvar.com\\\/#\\\/schema\\\/logo\\\/image\\\/\",\"url\":\"https:\\\/\\\/camping-hvar.com\\\/wp-content\\\/uploads\\\/2025\\\/06\\\/noimg.jpg\",\"contentUrl\":\"https:\\\/\\\/camping-hvar.com\\\/wp-content\\\/uploads\\\/2025\\\/06\\\/noimg.jpg\",\"width\":1200,\"height\":675,\"caption\":\"Camping Hvar\"},\"image\":{\"@id\":\"https:\\\/\\\/camping-hvar.com\\\/#\\\/schema\\\/logo\\\/image\\\/\"}}]}<\/script>\n<!-- \/ Yoast SEO plugin. -->","yoast_head_json":{"title":"Ausfl\u00fcge - Camping Hvar","description":"Die Insel Hvar bietet sehr viel Sehenswertes. Denjenigen, die sich nach Meer und Ruhe sehnen, stehen unz\u00e4hlige Buchten, die mit dem Auto, Fahrrad oder zu Fu\u00df erreicht werden k\u00f6nnen. Auf die gleiche Weise k\u00f6nnen auch Lavendelfelder, Olivenhaine und Wiesen mit f\u00fcr die Insel charakteristischen Pflanzen besichtigt werden.","robots":{"index":"index","follow":"follow","max-snippet":"max-snippet:-1","max-image-preview":"max-image-preview:large","max-video-preview":"max-video-preview:-1"},"canonical":"https:\/\/camping-hvar.com\/de\/ausfluge\/","og_locale":"de_DE","og_type":"article","og_title":"Ausfl\u00fcge - Camping Hvar","og_description":"Die Insel Hvar bietet sehr viel Sehenswertes. Denjenigen, die sich nach Meer und Ruhe sehnen, stehen unz\u00e4hlige Buchten, die mit dem Auto, Fahrrad oder zu Fu\u00df erreicht werden k\u00f6nnen. Auf die gleiche Weise k\u00f6nnen auch Lavendelfelder, Olivenhaine und Wiesen mit f\u00fcr die Insel charakteristischen Pflanzen besichtigt werden.","og_url":"https:\/\/camping-hvar.com\/de\/ausfluge\/","og_site_name":"Camping Hvar","article_modified_time":"2025-06-27T09:03:33+00:00","twitter_card":"summary_large_image","twitter_misc":{"Gesch\u00e4tzte Lesezeit":"5\u00a0Minuten"},"schema":{"@context":"https:\/\/schema.org","@graph":[{"@type":"WebPage","@id":"https:\/\/camping-hvar.com\/de\/ausfluge\/","url":"https:\/\/camping-hvar.com\/de\/ausfluge\/","name":"Ausfl\u00fcge - Camping Hvar","isPartOf":{"@id":"https:\/\/camping-hvar.com\/#website"},"datePublished":"2019-05-10T03:10:28+00:00","dateModified":"2025-06-27T09:03:33+00:00","description":"Die Insel Hvar bietet sehr viel Sehenswertes. Denjenigen, die sich nach Meer und Ruhe sehnen, stehen unz\u00e4hlige Buchten, die mit dem Auto, Fahrrad oder zu Fu\u00df erreicht werden k\u00f6nnen. Auf die gleiche Weise k\u00f6nnen auch Lavendelfelder, Olivenhaine und Wiesen mit f\u00fcr die Insel charakteristischen Pflanzen besichtigt werden.","breadcrumb":{"@id":"https:\/\/camping-hvar.com\/de\/ausfluge\/#breadcrumb"},"inLanguage":"de","potentialAction":[{"@type":"ReadAction","target":["https:\/\/camping-hvar.com\/de\/ausfluge\/"]}]},{"@type":"BreadcrumbList","@id":"https:\/\/camping-hvar.com\/de\/ausfluge\/#breadcrumb","itemListElement":[{"@type":"ListItem","position":1,"name":"Home","item":"https:\/\/camping-hvar.com\/de\/"},{"@type":"ListItem","position":2,"name":"Ausfl\u00fcge"}]},{"@type":"WebSite","@id":"https:\/\/camping-hvar.com\/#website","url":"https:\/\/camping-hvar.com\/","name":"Camping Hvar","description":"","publisher":{"@id":"https:\/\/camping-hvar.com\/#organization"},"potentialAction":[{"@type":"SearchAction","target":{"@type":"EntryPoint","urlTemplate":"https:\/\/camping-hvar.com\/?s={search_term_string}"},"query-input":{"@type":"PropertyValueSpecification","valueRequired":true,"valueName":"search_term_string"}}],"inLanguage":"de"},{"@type":"Organization","@id":"https:\/\/camping-hvar.com\/#organization","name":"Camping Hvar","url":"https:\/\/camping-hvar.com\/","logo":{"@type":"ImageObject","inLanguage":"de","@id":"https:\/\/camping-hvar.com\/#\/schema\/logo\/image\/","url":"https:\/\/camping-hvar.com\/wp-content\/uploads\/2025\/06\/noimg.jpg","contentUrl":"https:\/\/camping-hvar.com\/wp-content\/uploads\/2025\/06\/noimg.jpg","width":1200,"height":675,"caption":"Camping Hvar"},"image":{"@id":"https:\/\/camping-hvar.com\/#\/schema\/logo\/image\/"}}]}},"_links":{"self":[{"href":"https:\/\/camping-hvar.com\/de\/wp-json\/wp\/v2\/pages\/8035","targetHints":{"allow":["GET"]}}],"collection":[{"href":"https:\/\/camping-hvar.com\/de\/wp-json\/wp\/v2\/pages"}],"about":[{"href":"https:\/\/camping-hvar.com\/de\/wp-json\/wp\/v2\/types\/page"}],"author":[{"embeddable":true,"href":"https:\/\/camping-hvar.com\/de\/wp-json\/wp\/v2\/users\/1"}],"replies":[{"embeddable":true,"href":"https:\/\/camping-hvar.com\/de\/wp-json\/wp\/v2\/comments?post=8035"}],"version-history":[{"count":3,"href":"https:\/\/camping-hvar.com\/de\/wp-json\/wp\/v2\/pages\/8035\/revisions"}],"predecessor-version":[{"id":8144,"href":"https:\/\/camping-hvar.com\/de\/wp-json\/wp\/v2\/pages\/8035\/revisions\/8144"}],"wp:attachment":[{"href":"https:\/\/camping-hvar.com\/de\/wp-json\/wp\/v2\/media?parent=8035"}],"curies":[{"name":"wp","href":"https:\/\/api.w.org\/{rel}","templated":true}]}}