{"id":7975,"date":"2024-05-10T09:27:34","date_gmt":"2024-05-10T09:27:34","guid":{"rendered":"https:\/\/camping-hvar.com\/camp-mina\/"},"modified":"2026-02-16T12:49:49","modified_gmt":"2026-02-16T12:49:49","slug":"kamp-mina","status":"publish","type":"page","link":"https:\/\/camping-hvar.com\/hr\/kamp-mina\/","title":{"rendered":"Kamp Mina"},"content":{"rendered":"","protected":false},"excerpt":{"rendered":"","protected":false},"author":1,"featured_media":0,"parent":0,"menu_order":0,"comment_status":"closed","ping_status":"closed","template":"","meta":{"footnotes":""},"class_list":["post-7975","page","type-page","status-publish","hentry"],"yoast_head":"<!-- This site is optimized with the Yoast SEO plugin v27.3 - https:\/\/yoast.com\/product\/yoast-seo-wordpress\/ -->\n<title>Kamp Mina - Camping Hvar<\/title>\n<meta name=\"description\" content=\"Kamp \u201cMina\u201d smje\u0161ten je otprilike 500 m od centra mjesta Jelsa, a svega 20 metara udaljen je od mora. Ve\u0107im dijelom prekriven je borovom \u0161umom te je okru\u017een brojnim kamenitim, \u0161ljun\u010danim i pje\u0161\u010danim pla\u017eama od kojih su mnoge prikladne za djecu.\" \/>\n<meta name=\"robots\" content=\"index, follow, max-snippet:-1, max-image-preview:large, max-video-preview:-1\" \/>\n<link rel=\"canonical\" href=\"https:\/\/camping-hvar.com\/hr\/kamp-mina\/\" \/>\n<meta property=\"og:locale\" content=\"hr_HR\" \/>\n<meta property=\"og:type\" content=\"article\" \/>\n<meta property=\"og:title\" content=\"Kamp Mina - Camping Hvar\" \/>\n<meta property=\"og:description\" content=\"Kamp \u201cMina\u201d smje\u0161ten je otprilike 500 m od centra mjesta Jelsa, a svega 20 metara udaljen je od mora. Ve\u0107im dijelom prekriven je borovom \u0161umom te je okru\u017een brojnim kamenitim, \u0161ljun\u010danim i pje\u0161\u010danim pla\u017eama od kojih su mnoge prikladne za djecu.\" \/>\n<meta property=\"og:url\" content=\"https:\/\/camping-hvar.com\/hr\/kamp-mina\/\" \/>\n<meta property=\"og:site_name\" content=\"Camping Hvar\" \/>\n<meta property=\"article:modified_time\" content=\"2026-02-16T12:49:49+00:00\" \/>\n<meta name=\"twitter:card\" content=\"summary_large_image\" \/>\n<meta name=\"twitter:label1\" content=\"Procijenjeno vrijeme \u010ditanja\" \/>\n\t<meta name=\"twitter:data1\" content=\"5 minuta\" \/>\n<script type=\"application\/ld+json\" class=\"yoast-schema-graph\">{\"@context\":\"https:\\\/\\\/schema.org\",\"@graph\":[{\"@type\":\"WebPage\",\"@id\":\"https:\\\/\\\/camping-hvar.com\\\/hr\\\/kamp-mina\\\/\",\"url\":\"https:\\\/\\\/camping-hvar.com\\\/hr\\\/kamp-mina\\\/\",\"name\":\"Kamp Mina - Camping Hvar\",\"isPartOf\":{\"@id\":\"https:\\\/\\\/camping-hvar.com\\\/#website\"},\"datePublished\":\"2024-05-10T09:27:34+00:00\",\"dateModified\":\"2026-02-16T12:49:49+00:00\",\"description\":\"Kamp \u201cMina\u201d smje\u0161ten je otprilike 500 m od centra mjesta Jelsa, a svega 20 metara udaljen je od mora. Ve\u0107im dijelom prekriven je borovom \u0161umom te je okru\u017een brojnim kamenitim, \u0161ljun\u010danim i pje\u0161\u010danim pla\u017eama od kojih su mnoge prikladne za djecu.\",\"breadcrumb\":{\"@id\":\"https:\\\/\\\/camping-hvar.com\\\/hr\\\/kamp-mina\\\/#breadcrumb\"},\"inLanguage\":\"hr\",\"potentialAction\":[{\"@type\":\"ReadAction\",\"target\":[\"https:\\\/\\\/camping-hvar.com\\\/hr\\\/kamp-mina\\\/\"]}]},{\"@type\":\"BreadcrumbList\",\"@id\":\"https:\\\/\\\/camping-hvar.com\\\/hr\\\/kamp-mina\\\/#breadcrumb\",\"itemListElement\":[{\"@type\":\"ListItem\",\"position\":1,\"name\":\"Home\",\"item\":\"https:\\\/\\\/camping-hvar.com\\\/hr\\\/\"},{\"@type\":\"ListItem\",\"position\":2,\"name\":\"Kamp Mina\"}]},{\"@type\":\"WebSite\",\"@id\":\"https:\\\/\\\/camping-hvar.com\\\/#website\",\"url\":\"https:\\\/\\\/camping-hvar.com\\\/\",\"name\":\"Camping Hvar\",\"description\":\"\",\"publisher\":{\"@id\":\"https:\\\/\\\/camping-hvar.com\\\/#organization\"},\"potentialAction\":[{\"@type\":\"SearchAction\",\"target\":{\"@type\":\"EntryPoint\",\"urlTemplate\":\"https:\\\/\\\/camping-hvar.com\\\/?s={search_term_string}\"},\"query-input\":{\"@type\":\"PropertyValueSpecification\",\"valueRequired\":true,\"valueName\":\"search_term_string\"}}],\"inLanguage\":\"hr\"},{\"@type\":\"Organization\",\"@id\":\"https:\\\/\\\/camping-hvar.com\\\/#organization\",\"name\":\"Camping Hvar\",\"url\":\"https:\\\/\\\/camping-hvar.com\\\/\",\"logo\":{\"@type\":\"ImageObject\",\"inLanguage\":\"hr\",\"@id\":\"https:\\\/\\\/camping-hvar.com\\\/#\\\/schema\\\/logo\\\/image\\\/\",\"url\":\"https:\\\/\\\/camping-hvar.com\\\/wp-content\\\/uploads\\\/2025\\\/06\\\/noimg.jpg\",\"contentUrl\":\"https:\\\/\\\/camping-hvar.com\\\/wp-content\\\/uploads\\\/2025\\\/06\\\/noimg.jpg\",\"width\":1200,\"height\":675,\"caption\":\"Camping Hvar\"},\"image\":{\"@id\":\"https:\\\/\\\/camping-hvar.com\\\/#\\\/schema\\\/logo\\\/image\\\/\"}}]}<\/script>\n<!-- \/ Yoast SEO plugin. -->","yoast_head_json":{"title":"Kamp Mina - Camping Hvar","description":"Kamp \u201cMina\u201d smje\u0161ten je otprilike 500 m od centra mjesta Jelsa, a svega 20 metara udaljen je od mora. Ve\u0107im dijelom prekriven je borovom \u0161umom te je okru\u017een brojnim kamenitim, \u0161ljun\u010danim i pje\u0161\u010danim pla\u017eama od kojih su mnoge prikladne za djecu.","robots":{"index":"index","follow":"follow","max-snippet":"max-snippet:-1","max-image-preview":"max-image-preview:large","max-video-preview":"max-video-preview:-1"},"canonical":"https:\/\/camping-hvar.com\/hr\/kamp-mina\/","og_locale":"hr_HR","og_type":"article","og_title":"Kamp Mina - Camping Hvar","og_description":"Kamp \u201cMina\u201d smje\u0161ten je otprilike 500 m od centra mjesta Jelsa, a svega 20 metara udaljen je od mora. Ve\u0107im dijelom prekriven je borovom \u0161umom te je okru\u017een brojnim kamenitim, \u0161ljun\u010danim i pje\u0161\u010danim pla\u017eama od kojih su mnoge prikladne za djecu.","og_url":"https:\/\/camping-hvar.com\/hr\/kamp-mina\/","og_site_name":"Camping Hvar","article_modified_time":"2026-02-16T12:49:49+00:00","twitter_card":"summary_large_image","twitter_misc":{"Procijenjeno vrijeme \u010ditanja":"5 minuta"},"schema":{"@context":"https:\/\/schema.org","@graph":[{"@type":"WebPage","@id":"https:\/\/camping-hvar.com\/hr\/kamp-mina\/","url":"https:\/\/camping-hvar.com\/hr\/kamp-mina\/","name":"Kamp Mina - Camping Hvar","isPartOf":{"@id":"https:\/\/camping-hvar.com\/#website"},"datePublished":"2024-05-10T09:27:34+00:00","dateModified":"2026-02-16T12:49:49+00:00","description":"Kamp \u201cMina\u201d smje\u0161ten je otprilike 500 m od centra mjesta Jelsa, a svega 20 metara udaljen je od mora. Ve\u0107im dijelom prekriven je borovom \u0161umom te je okru\u017een brojnim kamenitim, \u0161ljun\u010danim i pje\u0161\u010danim pla\u017eama od kojih su mnoge prikladne za djecu.","breadcrumb":{"@id":"https:\/\/camping-hvar.com\/hr\/kamp-mina\/#breadcrumb"},"inLanguage":"hr","potentialAction":[{"@type":"ReadAction","target":["https:\/\/camping-hvar.com\/hr\/kamp-mina\/"]}]},{"@type":"BreadcrumbList","@id":"https:\/\/camping-hvar.com\/hr\/kamp-mina\/#breadcrumb","itemListElement":[{"@type":"ListItem","position":1,"name":"Home","item":"https:\/\/camping-hvar.com\/hr\/"},{"@type":"ListItem","position":2,"name":"Kamp Mina"}]},{"@type":"WebSite","@id":"https:\/\/camping-hvar.com\/#website","url":"https:\/\/camping-hvar.com\/","name":"Camping Hvar","description":"","publisher":{"@id":"https:\/\/camping-hvar.com\/#organization"},"potentialAction":[{"@type":"SearchAction","target":{"@type":"EntryPoint","urlTemplate":"https:\/\/camping-hvar.com\/?s={search_term_string}"},"query-input":{"@type":"PropertyValueSpecification","valueRequired":true,"valueName":"search_term_string"}}],"inLanguage":"hr"},{"@type":"Organization","@id":"https:\/\/camping-hvar.com\/#organization","name":"Camping Hvar","url":"https:\/\/camping-hvar.com\/","logo":{"@type":"ImageObject","inLanguage":"hr","@id":"https:\/\/camping-hvar.com\/#\/schema\/logo\/image\/","url":"https:\/\/camping-hvar.com\/wp-content\/uploads\/2025\/06\/noimg.jpg","contentUrl":"https:\/\/camping-hvar.com\/wp-content\/uploads\/2025\/06\/noimg.jpg","width":1200,"height":675,"caption":"Camping Hvar"},"image":{"@id":"https:\/\/camping-hvar.com\/#\/schema\/logo\/image\/"}}]}},"_links":{"self":[{"href":"https:\/\/camping-hvar.com\/hr\/wp-json\/wp\/v2\/pages\/7975","targetHints":{"allow":["GET"]}}],"collection":[{"href":"https:\/\/camping-hvar.com\/hr\/wp-json\/wp\/v2\/pages"}],"about":[{"href":"https:\/\/camping-hvar.com\/hr\/wp-json\/wp\/v2\/types\/page"}],"author":[{"embeddable":true,"href":"https:\/\/camping-hvar.com\/hr\/wp-json\/wp\/v2\/users\/1"}],"replies":[{"embeddable":true,"href":"https:\/\/camping-hvar.com\/hr\/wp-json\/wp\/v2\/comments?post=7975"}],"version-history":[{"count":5,"href":"https:\/\/camping-hvar.com\/hr\/wp-json\/wp\/v2\/pages\/7975\/revisions"}],"predecessor-version":[{"id":8272,"href":"https:\/\/camping-hvar.com\/hr\/wp-json\/wp\/v2\/pages\/7975\/revisions\/8272"}],"wp:attachment":[{"href":"https:\/\/camping-hvar.com\/hr\/wp-json\/wp\/v2\/media?parent=7975"}],"curies":[{"name":"wp","href":"https:\/\/api.w.org\/{rel}","templated":true}]}}