{"id":8003,"date":"2024-05-10T08:28:38","date_gmt":"2024-05-10T08:28:38","guid":{"rendered":"https:\/\/camping-hvar.com\/camp-nudist\/"},"modified":"2026-02-16T12:49:29","modified_gmt":"2026-02-16T12:49:29","slug":"kamp-nudist","status":"publish","type":"page","link":"https:\/\/camping-hvar.com\/hr\/kamp-nudist\/","title":{"rendered":"Kamp Nudist"},"content":{"rendered":"","protected":false},"excerpt":{"rendered":"","protected":false},"author":1,"featured_media":0,"parent":0,"menu_order":0,"comment_status":"closed","ping_status":"closed","template":"","meta":{"footnotes":""},"class_list":["post-8003","page","type-page","status-publish","hentry"],"yoast_head":"<!-- This site is optimized with the Yoast SEO plugin v27.3 - https:\/\/yoast.com\/product\/yoast-seo-wordpress\/ -->\n<title>Kamp Nudist - Camping Hvar<\/title>\n<meta name=\"description\" content=\"FKK auto kamp Nudist smje\u0161ten je u mirnoj i \u0161umovitoj uvali najsun\u010danijeg otoka na Jadranu i oko 1 km je udaljen od malog ribarskog mjesta Vrboska. Smje\u0161ten je direktno na obali, na podru\u010dju okru\u017eenom \u0161umom, s pogledom na otok Bra\u010d.\" \/>\n<meta name=\"robots\" content=\"index, follow, max-snippet:-1, max-image-preview:large, max-video-preview:-1\" \/>\n<link rel=\"canonical\" href=\"https:\/\/camping-hvar.com\/hr\/kamp-nudist\/\" \/>\n<meta property=\"og:locale\" content=\"hr_HR\" \/>\n<meta property=\"og:type\" content=\"article\" \/>\n<meta property=\"og:title\" content=\"Kamp Nudist - Camping Hvar\" \/>\n<meta property=\"og:description\" content=\"FKK auto kamp Nudist smje\u0161ten je u mirnoj i \u0161umovitoj uvali najsun\u010danijeg otoka na Jadranu i oko 1 km je udaljen od malog ribarskog mjesta Vrboska. Smje\u0161ten je direktno na obali, na podru\u010dju okru\u017eenom \u0161umom, s pogledom na otok Bra\u010d.\" \/>\n<meta property=\"og:url\" content=\"https:\/\/camping-hvar.com\/hr\/kamp-nudist\/\" \/>\n<meta property=\"og:site_name\" content=\"Camping Hvar\" \/>\n<meta property=\"article:modified_time\" content=\"2026-02-16T12:49:29+00:00\" \/>\n<meta name=\"twitter:card\" content=\"summary_large_image\" \/>\n<meta name=\"twitter:label1\" content=\"Procijenjeno vrijeme \u010ditanja\" \/>\n\t<meta name=\"twitter:data1\" content=\"5 minuta\" \/>\n<script type=\"application\/ld+json\" class=\"yoast-schema-graph\">{\"@context\":\"https:\\\/\\\/schema.org\",\"@graph\":[{\"@type\":\"WebPage\",\"@id\":\"https:\\\/\\\/camping-hvar.com\\\/hr\\\/kamp-nudist\\\/\",\"url\":\"https:\\\/\\\/camping-hvar.com\\\/hr\\\/kamp-nudist\\\/\",\"name\":\"Kamp Nudist - Camping Hvar\",\"isPartOf\":{\"@id\":\"https:\\\/\\\/camping-hvar.com\\\/#website\"},\"datePublished\":\"2024-05-10T08:28:38+00:00\",\"dateModified\":\"2026-02-16T12:49:29+00:00\",\"description\":\"FKK auto kamp Nudist smje\u0161ten je u mirnoj i \u0161umovitoj uvali najsun\u010danijeg otoka na Jadranu i oko 1 km je udaljen od malog ribarskog mjesta Vrboska. Smje\u0161ten je direktno na obali, na podru\u010dju okru\u017eenom \u0161umom, s pogledom na otok Bra\u010d.\",\"breadcrumb\":{\"@id\":\"https:\\\/\\\/camping-hvar.com\\\/hr\\\/kamp-nudist\\\/#breadcrumb\"},\"inLanguage\":\"hr\",\"potentialAction\":[{\"@type\":\"ReadAction\",\"target\":[\"https:\\\/\\\/camping-hvar.com\\\/hr\\\/kamp-nudist\\\/\"]}]},{\"@type\":\"BreadcrumbList\",\"@id\":\"https:\\\/\\\/camping-hvar.com\\\/hr\\\/kamp-nudist\\\/#breadcrumb\",\"itemListElement\":[{\"@type\":\"ListItem\",\"position\":1,\"name\":\"Home\",\"item\":\"https:\\\/\\\/camping-hvar.com\\\/hr\\\/\"},{\"@type\":\"ListItem\",\"position\":2,\"name\":\"Kamp Nudist\"}]},{\"@type\":\"WebSite\",\"@id\":\"https:\\\/\\\/camping-hvar.com\\\/#website\",\"url\":\"https:\\\/\\\/camping-hvar.com\\\/\",\"name\":\"Camping Hvar\",\"description\":\"\",\"publisher\":{\"@id\":\"https:\\\/\\\/camping-hvar.com\\\/#organization\"},\"potentialAction\":[{\"@type\":\"SearchAction\",\"target\":{\"@type\":\"EntryPoint\",\"urlTemplate\":\"https:\\\/\\\/camping-hvar.com\\\/?s={search_term_string}\"},\"query-input\":{\"@type\":\"PropertyValueSpecification\",\"valueRequired\":true,\"valueName\":\"search_term_string\"}}],\"inLanguage\":\"hr\"},{\"@type\":\"Organization\",\"@id\":\"https:\\\/\\\/camping-hvar.com\\\/#organization\",\"name\":\"Camping Hvar\",\"url\":\"https:\\\/\\\/camping-hvar.com\\\/\",\"logo\":{\"@type\":\"ImageObject\",\"inLanguage\":\"hr\",\"@id\":\"https:\\\/\\\/camping-hvar.com\\\/#\\\/schema\\\/logo\\\/image\\\/\",\"url\":\"https:\\\/\\\/camping-hvar.com\\\/wp-content\\\/uploads\\\/2025\\\/06\\\/noimg.jpg\",\"contentUrl\":\"https:\\\/\\\/camping-hvar.com\\\/wp-content\\\/uploads\\\/2025\\\/06\\\/noimg.jpg\",\"width\":1200,\"height\":675,\"caption\":\"Camping Hvar\"},\"image\":{\"@id\":\"https:\\\/\\\/camping-hvar.com\\\/#\\\/schema\\\/logo\\\/image\\\/\"}}]}<\/script>\n<!-- \/ Yoast SEO plugin. -->","yoast_head_json":{"title":"Kamp Nudist - Camping Hvar","description":"FKK auto kamp Nudist smje\u0161ten je u mirnoj i \u0161umovitoj uvali najsun\u010danijeg otoka na Jadranu i oko 1 km je udaljen od malog ribarskog mjesta Vrboska. Smje\u0161ten je direktno na obali, na podru\u010dju okru\u017eenom \u0161umom, s pogledom na otok Bra\u010d.","robots":{"index":"index","follow":"follow","max-snippet":"max-snippet:-1","max-image-preview":"max-image-preview:large","max-video-preview":"max-video-preview:-1"},"canonical":"https:\/\/camping-hvar.com\/hr\/kamp-nudist\/","og_locale":"hr_HR","og_type":"article","og_title":"Kamp Nudist - Camping Hvar","og_description":"FKK auto kamp Nudist smje\u0161ten je u mirnoj i \u0161umovitoj uvali najsun\u010danijeg otoka na Jadranu i oko 1 km je udaljen od malog ribarskog mjesta Vrboska. Smje\u0161ten je direktno na obali, na podru\u010dju okru\u017eenom \u0161umom, s pogledom na otok Bra\u010d.","og_url":"https:\/\/camping-hvar.com\/hr\/kamp-nudist\/","og_site_name":"Camping Hvar","article_modified_time":"2026-02-16T12:49:29+00:00","twitter_card":"summary_large_image","twitter_misc":{"Procijenjeno vrijeme \u010ditanja":"5 minuta"},"schema":{"@context":"https:\/\/schema.org","@graph":[{"@type":"WebPage","@id":"https:\/\/camping-hvar.com\/hr\/kamp-nudist\/","url":"https:\/\/camping-hvar.com\/hr\/kamp-nudist\/","name":"Kamp Nudist - Camping Hvar","isPartOf":{"@id":"https:\/\/camping-hvar.com\/#website"},"datePublished":"2024-05-10T08:28:38+00:00","dateModified":"2026-02-16T12:49:29+00:00","description":"FKK auto kamp Nudist smje\u0161ten je u mirnoj i \u0161umovitoj uvali najsun\u010danijeg otoka na Jadranu i oko 1 km je udaljen od malog ribarskog mjesta Vrboska. Smje\u0161ten je direktno na obali, na podru\u010dju okru\u017eenom \u0161umom, s pogledom na otok Bra\u010d.","breadcrumb":{"@id":"https:\/\/camping-hvar.com\/hr\/kamp-nudist\/#breadcrumb"},"inLanguage":"hr","potentialAction":[{"@type":"ReadAction","target":["https:\/\/camping-hvar.com\/hr\/kamp-nudist\/"]}]},{"@type":"BreadcrumbList","@id":"https:\/\/camping-hvar.com\/hr\/kamp-nudist\/#breadcrumb","itemListElement":[{"@type":"ListItem","position":1,"name":"Home","item":"https:\/\/camping-hvar.com\/hr\/"},{"@type":"ListItem","position":2,"name":"Kamp Nudist"}]},{"@type":"WebSite","@id":"https:\/\/camping-hvar.com\/#website","url":"https:\/\/camping-hvar.com\/","name":"Camping Hvar","description":"","publisher":{"@id":"https:\/\/camping-hvar.com\/#organization"},"potentialAction":[{"@type":"SearchAction","target":{"@type":"EntryPoint","urlTemplate":"https:\/\/camping-hvar.com\/?s={search_term_string}"},"query-input":{"@type":"PropertyValueSpecification","valueRequired":true,"valueName":"search_term_string"}}],"inLanguage":"hr"},{"@type":"Organization","@id":"https:\/\/camping-hvar.com\/#organization","name":"Camping Hvar","url":"https:\/\/camping-hvar.com\/","logo":{"@type":"ImageObject","inLanguage":"hr","@id":"https:\/\/camping-hvar.com\/#\/schema\/logo\/image\/","url":"https:\/\/camping-hvar.com\/wp-content\/uploads\/2025\/06\/noimg.jpg","contentUrl":"https:\/\/camping-hvar.com\/wp-content\/uploads\/2025\/06\/noimg.jpg","width":1200,"height":675,"caption":"Camping Hvar"},"image":{"@id":"https:\/\/camping-hvar.com\/#\/schema\/logo\/image\/"}}]}},"_links":{"self":[{"href":"https:\/\/camping-hvar.com\/hr\/wp-json\/wp\/v2\/pages\/8003","targetHints":{"allow":["GET"]}}],"collection":[{"href":"https:\/\/camping-hvar.com\/hr\/wp-json\/wp\/v2\/pages"}],"about":[{"href":"https:\/\/camping-hvar.com\/hr\/wp-json\/wp\/v2\/types\/page"}],"author":[{"embeddable":true,"href":"https:\/\/camping-hvar.com\/hr\/wp-json\/wp\/v2\/users\/1"}],"replies":[{"embeddable":true,"href":"https:\/\/camping-hvar.com\/hr\/wp-json\/wp\/v2\/comments?post=8003"}],"version-history":[{"count":5,"href":"https:\/\/camping-hvar.com\/hr\/wp-json\/wp\/v2\/pages\/8003\/revisions"}],"predecessor-version":[{"id":8271,"href":"https:\/\/camping-hvar.com\/hr\/wp-json\/wp\/v2\/pages\/8003\/revisions\/8271"}],"wp:attachment":[{"href":"https:\/\/camping-hvar.com\/hr\/wp-json\/wp\/v2\/media?parent=8003"}],"curies":[{"name":"wp","href":"https:\/\/api.w.org\/{rel}","templated":true}]}}