{"id":8046,"date":"2023-02-02T07:10:23","date_gmt":"2023-02-02T07:10:23","guid":{"rendered":"https:\/\/camping-hvar.com\/home\/"},"modified":"2025-06-27T10:09:04","modified_gmt":"2025-06-27T10:09:04","slug":"home","status":"publish","type":"page","link":"https:\/\/camping-hvar.com\/hr\/","title":{"rendered":"Po\u010detna"},"content":{"rendered":"","protected":false},"excerpt":{"rendered":"","protected":false},"author":1,"featured_media":0,"parent":0,"menu_order":0,"comment_status":"closed","ping_status":"closed","template":"","meta":{"footnotes":""},"class_list":["post-8046","page","type-page","status-publish","hentry"],"yoast_head":"<!-- This site is optimized with the Yoast SEO plugin v27.3 - https:\/\/yoast.com\/product\/yoast-seo-wordpress\/ -->\n<title>Camping Hvar - posjetite nas - Kamp Mina i Kamp Nudist<\/title>\n<meta name=\"description\" content=\"FKK auto kamp Nudist smje\u0161ten je u mirnoj i \u0161umovitoj uvali najsun\u010danijeg otoka na Jadranu i oko 1 km je udaljen od malog ribarskog mjesta Vrboska.\" \/>\n<meta name=\"robots\" content=\"index, follow, max-snippet:-1, max-image-preview:large, max-video-preview:-1\" \/>\n<link rel=\"canonical\" href=\"https:\/\/camping-hvar.com\/hr\/\" \/>\n<meta property=\"og:locale\" content=\"hr_HR\" \/>\n<meta property=\"og:type\" content=\"article\" \/>\n<meta property=\"og:title\" content=\"Camping Hvar - posjetite nas - Kamp Mina i Kamp Nudist\" \/>\n<meta property=\"og:description\" content=\"FKK auto kamp Nudist smje\u0161ten je u mirnoj i \u0161umovitoj uvali najsun\u010danijeg otoka na Jadranu i oko 1 km je udaljen od malog ribarskog mjesta Vrboska.\" \/>\n<meta property=\"og:url\" content=\"https:\/\/camping-hvar.com\/hr\/\" \/>\n<meta property=\"og:site_name\" content=\"Camping Hvar\" \/>\n<meta property=\"article:modified_time\" content=\"2025-06-27T10:09:04+00:00\" \/>\n<meta name=\"twitter:card\" content=\"summary_large_image\" \/>\n<meta name=\"twitter:label1\" content=\"Procijenjeno vrijeme \u010ditanja\" \/>\n\t<meta name=\"twitter:data1\" content=\"4 minute\" \/>\n<script type=\"application\/ld+json\" class=\"yoast-schema-graph\">{\"@context\":\"https:\\\/\\\/schema.org\",\"@graph\":[{\"@type\":\"WebPage\",\"@id\":\"https:\\\/\\\/camping-hvar.com\\\/hr\\\/\",\"url\":\"https:\\\/\\\/camping-hvar.com\\\/hr\\\/\",\"name\":\"Camping Hvar - posjetite nas - Kamp Mina i Kamp Nudist\",\"isPartOf\":{\"@id\":\"https:\\\/\\\/camping-hvar.com\\\/#website\"},\"datePublished\":\"2023-02-02T07:10:23+00:00\",\"dateModified\":\"2025-06-27T10:09:04+00:00\",\"description\":\"FKK auto kamp Nudist smje\u0161ten je u mirnoj i \u0161umovitoj uvali najsun\u010danijeg otoka na Jadranu i oko 1 km je udaljen od malog ribarskog mjesta Vrboska.\",\"breadcrumb\":{\"@id\":\"https:\\\/\\\/camping-hvar.com\\\/hr\\\/#breadcrumb\"},\"inLanguage\":\"hr\",\"potentialAction\":[{\"@type\":\"ReadAction\",\"target\":[\"https:\\\/\\\/camping-hvar.com\\\/hr\\\/\"]}]},{\"@type\":\"BreadcrumbList\",\"@id\":\"https:\\\/\\\/camping-hvar.com\\\/hr\\\/#breadcrumb\",\"itemListElement\":[{\"@type\":\"ListItem\",\"position\":1,\"name\":\"Home\",\"item\":\"https:\\\/\\\/camping-hvar.com\\\/hr\\\/\"},{\"@type\":\"ListItem\",\"position\":2,\"name\":\"Po\u010detna\"}]},{\"@type\":\"WebSite\",\"@id\":\"https:\\\/\\\/camping-hvar.com\\\/#website\",\"url\":\"https:\\\/\\\/camping-hvar.com\\\/\",\"name\":\"Camping Hvar\",\"description\":\"\",\"publisher\":{\"@id\":\"https:\\\/\\\/camping-hvar.com\\\/#organization\"},\"potentialAction\":[{\"@type\":\"SearchAction\",\"target\":{\"@type\":\"EntryPoint\",\"urlTemplate\":\"https:\\\/\\\/camping-hvar.com\\\/?s={search_term_string}\"},\"query-input\":{\"@type\":\"PropertyValueSpecification\",\"valueRequired\":true,\"valueName\":\"search_term_string\"}}],\"inLanguage\":\"hr\"},{\"@type\":\"Organization\",\"@id\":\"https:\\\/\\\/camping-hvar.com\\\/#organization\",\"name\":\"Camping Hvar\",\"url\":\"https:\\\/\\\/camping-hvar.com\\\/\",\"logo\":{\"@type\":\"ImageObject\",\"inLanguage\":\"hr\",\"@id\":\"https:\\\/\\\/camping-hvar.com\\\/#\\\/schema\\\/logo\\\/image\\\/\",\"url\":\"https:\\\/\\\/camping-hvar.com\\\/wp-content\\\/uploads\\\/2025\\\/06\\\/noimg.jpg\",\"contentUrl\":\"https:\\\/\\\/camping-hvar.com\\\/wp-content\\\/uploads\\\/2025\\\/06\\\/noimg.jpg\",\"width\":1200,\"height\":675,\"caption\":\"Camping Hvar\"},\"image\":{\"@id\":\"https:\\\/\\\/camping-hvar.com\\\/#\\\/schema\\\/logo\\\/image\\\/\"}}]}<\/script>\n<!-- \/ Yoast SEO plugin. -->","yoast_head_json":{"title":"Camping Hvar - posjetite nas - Kamp Mina i Kamp Nudist","description":"FKK auto kamp Nudist smje\u0161ten je u mirnoj i \u0161umovitoj uvali najsun\u010danijeg otoka na Jadranu i oko 1 km je udaljen od malog ribarskog mjesta Vrboska.","robots":{"index":"index","follow":"follow","max-snippet":"max-snippet:-1","max-image-preview":"max-image-preview:large","max-video-preview":"max-video-preview:-1"},"canonical":"https:\/\/camping-hvar.com\/hr\/","og_locale":"hr_HR","og_type":"article","og_title":"Camping Hvar - posjetite nas - Kamp Mina i Kamp Nudist","og_description":"FKK auto kamp Nudist smje\u0161ten je u mirnoj i \u0161umovitoj uvali najsun\u010danijeg otoka na Jadranu i oko 1 km je udaljen od malog ribarskog mjesta Vrboska.","og_url":"https:\/\/camping-hvar.com\/hr\/","og_site_name":"Camping Hvar","article_modified_time":"2025-06-27T10:09:04+00:00","twitter_card":"summary_large_image","twitter_misc":{"Procijenjeno vrijeme \u010ditanja":"4 minute"},"schema":{"@context":"https:\/\/schema.org","@graph":[{"@type":"WebPage","@id":"https:\/\/camping-hvar.com\/hr\/","url":"https:\/\/camping-hvar.com\/hr\/","name":"Camping Hvar - posjetite nas - Kamp Mina i Kamp Nudist","isPartOf":{"@id":"https:\/\/camping-hvar.com\/#website"},"datePublished":"2023-02-02T07:10:23+00:00","dateModified":"2025-06-27T10:09:04+00:00","description":"FKK auto kamp Nudist smje\u0161ten je u mirnoj i \u0161umovitoj uvali najsun\u010danijeg otoka na Jadranu i oko 1 km je udaljen od malog ribarskog mjesta Vrboska.","breadcrumb":{"@id":"https:\/\/camping-hvar.com\/hr\/#breadcrumb"},"inLanguage":"hr","potentialAction":[{"@type":"ReadAction","target":["https:\/\/camping-hvar.com\/hr\/"]}]},{"@type":"BreadcrumbList","@id":"https:\/\/camping-hvar.com\/hr\/#breadcrumb","itemListElement":[{"@type":"ListItem","position":1,"name":"Home","item":"https:\/\/camping-hvar.com\/hr\/"},{"@type":"ListItem","position":2,"name":"Po\u010detna"}]},{"@type":"WebSite","@id":"https:\/\/camping-hvar.com\/#website","url":"https:\/\/camping-hvar.com\/","name":"Camping Hvar","description":"","publisher":{"@id":"https:\/\/camping-hvar.com\/#organization"},"potentialAction":[{"@type":"SearchAction","target":{"@type":"EntryPoint","urlTemplate":"https:\/\/camping-hvar.com\/?s={search_term_string}"},"query-input":{"@type":"PropertyValueSpecification","valueRequired":true,"valueName":"search_term_string"}}],"inLanguage":"hr"},{"@type":"Organization","@id":"https:\/\/camping-hvar.com\/#organization","name":"Camping Hvar","url":"https:\/\/camping-hvar.com\/","logo":{"@type":"ImageObject","inLanguage":"hr","@id":"https:\/\/camping-hvar.com\/#\/schema\/logo\/image\/","url":"https:\/\/camping-hvar.com\/wp-content\/uploads\/2025\/06\/noimg.jpg","contentUrl":"https:\/\/camping-hvar.com\/wp-content\/uploads\/2025\/06\/noimg.jpg","width":1200,"height":675,"caption":"Camping Hvar"},"image":{"@id":"https:\/\/camping-hvar.com\/#\/schema\/logo\/image\/"}}]}},"_links":{"self":[{"href":"https:\/\/camping-hvar.com\/hr\/wp-json\/wp\/v2\/pages\/8046","targetHints":{"allow":["GET"]}}],"collection":[{"href":"https:\/\/camping-hvar.com\/hr\/wp-json\/wp\/v2\/pages"}],"about":[{"href":"https:\/\/camping-hvar.com\/hr\/wp-json\/wp\/v2\/types\/page"}],"author":[{"embeddable":true,"href":"https:\/\/camping-hvar.com\/hr\/wp-json\/wp\/v2\/users\/1"}],"replies":[{"embeddable":true,"href":"https:\/\/camping-hvar.com\/hr\/wp-json\/wp\/v2\/comments?post=8046"}],"version-history":[{"count":5,"href":"https:\/\/camping-hvar.com\/hr\/wp-json\/wp\/v2\/pages\/8046\/revisions"}],"predecessor-version":[{"id":8174,"href":"https:\/\/camping-hvar.com\/hr\/wp-json\/wp\/v2\/pages\/8046\/revisions\/8174"}],"wp:attachment":[{"href":"https:\/\/camping-hvar.com\/hr\/wp-json\/wp\/v2\/media?parent=8046"}],"curies":[{"name":"wp","href":"https:\/\/api.w.org\/{rel}","templated":true}]}}